{"id":1486,"date":"2013-05-09T10:00:24","date_gmt":"2013-05-09T08:00:24","guid":{"rendered":"http:\/\/blog.die-aktive.de\/?page_id=1486"},"modified":"2013-05-09T10:00:24","modified_gmt":"2013-05-09T08:00:24","slug":"werden-sie-mitglied","status":"publish","type":"page","link":"https:\/\/die-aktive.de\/?page_id=1486","title":{"rendered":"Werden Sie Mitglied"},"content":{"rendered":"<p>Geht es Ihnen ebenso wie uns?<br \/>\nHaben auch Sie die Nase voll von der heute stattfindenden Politik, von Machtmissbrauch und Kl\u00fcngelwirtschaft ?<br \/>\nDann machen Sie mit in unserer\u00a0<strong>Aktiven B\u00fcrger Gemeinschaft<\/strong>. Seit Wegfall der 5%-H\u00fcrde bei Kommunalwahlen in NRW werden unsere Wahlchancen immer besser. Wir sind keine Partei! Wir bekommen keine ideologischen Anweisungen aus D\u00fcsseldorf oder Berlin. Wir engagieren uns nur f\u00fcr Korschenbroich.<br \/>\nPolitik ist viel zu wichtig, um sie ausschlie\u00dflich karriere- und machtorientierten Polit-Profis zu \u00fcberlassen.<\/p>\n<p>Deshalb: Mischen Sie sich ein, werden Sie Mitglied! Damit der Slogan: \u201eKorschenbroich \u2013 hier l\u00e4sst sich leben\u201c wieder G\u00fcltigkeit erlangt.<\/p>\n<p>lesen sie unser\u00a0<strong><a title=\"Programm\" href=\"http:\/\/blog.die-aktive.de\/?page_id=1410\">Programm<br \/>\n<\/a><\/strong>lesen Sie unsere\u00a0<strong><a title=\"Satzung\" href=\"http:\/\/blog.die-aktive.de\/?page_id=1411\">Satzung<\/a><\/strong><\/p>\n<p>Nichts ist heute kostenlos:\u00a0Papier, Porto , Strom, Druckertinte, usw.<\/p>\n<p>Sie k\u00f6nnen den Mitgliedsantrag als PDF-Datei oder als Word-Datei herunterladen und uns dann ausgef\u00fcllt zukommen lassen.<br \/>\n<strong><a href=\"http:\/\/blog.die-aktive.de\/wp-content\/uploads\/2019\/04\/Mitgliedsantrag-2019.doc\" target=\"_blank\" rel=\"noopener noreferrer\">Mitgliedsantrag im Word-Format<\/a><\/strong><br \/>\n<strong><a href=\"http:\/\/blog.die-aktive.de\/wp-content\/uploads\/2019\/04\/Mitgliedsantrag-2019.pdf\" target=\"_blank\" rel=\"noopener noreferrer\">Mitgliedsantrag als PDF<\/a><\/strong><\/p>\n<h2><\/h2>\n<h2>Ihr Mitgliedsbeitrag hilft uns weiter in unseren Bem\u00fchungen f\u00fcr unsere Stadt<\/h2>\n<p align=\"left\">Sie k\u00f6nnen uns auch mit einer Spende unterst\u00fctzen. Unsere Bankverbindung finden Sie hier auf dem Mitgliedsantrag und auf unserer Kontakt-Seite.<\/p>\n","protected":false},"excerpt":{"rendered":"<p>Geht es Ihnen ebenso wie uns? Haben auch Sie die Nase voll von der heute stattfindenden Politik, von Machtmissbrauch und Kl\u00fcngelwirtschaft ? Dann machen Sie mit in unserer\u00a0Aktiven B\u00fcrger Gemeinschaft. Seit Wegfall der 5%-H\u00fcrde bei Kommunalwahlen in NRW werden unsere Wahlchancen immer besser. Wir sind keine Partei! Wir bekommen keine ideologischen Anweisungen aus D\u00fcsseldorf oder Berlin. Wir engagieren uns nur f\u00fcr Korschenbroich. Politik ist viel zu wichtig, um sie ausschlie\u00dflich karriere- und machtorientierten Polit-Profis zu [&#8230;]<\/p>\n","protected":false},"author":2,"featured_media":0,"parent":1478,"menu_order":70,"comment_status":"closed","ping_status":"closed","template":"","meta":{"footnotes":""},"class_list":["post-1486","page","type-page","status-publish","hentry"],"_links":{"self":[{"href":"https:\/\/die-aktive.de\/index.php?rest_route=\/wp\/v2\/pages\/1486","targetHints":{"allow":["GET"]}}],"collection":[{"href":"https:\/\/die-aktive.de\/index.php?rest_route=\/wp\/v2\/pages"}],"about":[{"href":"https:\/\/die-aktive.de\/index.php?rest_route=\/wp\/v2\/types\/page"}],"author":[{"embeddable":true,"href":"https:\/\/die-aktive.de\/index.php?rest_route=\/wp\/v2\/users\/2"}],"replies":[{"embeddable":true,"href":"https:\/\/die-aktive.de\/index.php?rest_route=%2Fwp%2Fv2%2Fcomments&post=1486"}],"version-history":[{"count":0,"href":"https:\/\/die-aktive.de\/index.php?rest_route=\/wp\/v2\/pages\/1486\/revisions"}],"up":[{"embeddable":true,"href":"https:\/\/die-aktive.de\/index.php?rest_route=\/wp\/v2\/pages\/1478"}],"wp:attachment":[{"href":"https:\/\/die-aktive.de\/index.php?rest_route=%2Fwp%2Fv2%2Fmedia&parent=1486"}],"curies":[{"name":"wp","href":"https:\/\/api.w.org\/{rel}","templated":true}]}}