{"id":1434,"date":"2013-05-08T21:23:07","date_gmt":"2013-05-08T19:23:07","guid":{"rendered":"http:\/\/blog.die-aktive.de\/?page_id=1434"},"modified":"2023-11-06T14:54:33","modified_gmt":"2023-11-06T14:54:33","slug":"impressum-2","status":"publish","type":"page","link":"https:\/\/die-aktive.de\/?page_id=1434","title":{"rendered":"Impressum"},"content":{"rendered":"\n<h2 class=\"wp-block-heading\">Kontaktadressen:<\/h2>\n\n\n\n<p><strong>F\u00fcr die Fraktion:<\/strong><br>\nHanns-Lothar Endell<br>\nHubertusstra\u00dfe 10a<br>\n41352 Korschenbroich-Herrenshoff<\/p>\n\n\n\n<p>Email: fraktion@die-aktive.de<\/p>\n\n\n\n<p><strong>F\u00fcr die W\u00e4hlergemeinschaft:<\/strong><br>\nGabriele Parting<br>\nFriedhofsweg 10<br>\n41352 Korschenbroich-Kleinenbroich<\/p>\n\n\n\n<p>Email: info@die-aktive.de<\/p>\n\n\n\n<h2 class=\"wp-block-heading\">Vertretungsberechtigter Vorstand<\/h2>\n\n\n\n<p>Gabriele Parting und Hanns-Lothar Endell<\/p>\n\n\n\n<h2 class=\"wp-block-heading\">Inhaltlich Verantwortlicher gem. \u00a7 10 Abs. MDStV<\/h2>\n\n\n\n<p>Gabriele Parting<br>\nFriedhofsweg 10<br>\n41352 Korschenbroich<\/p>\n\n\n\n<h2 class=\"wp-block-heading\">Haftungshinweis<\/h2>\n\n\n\n<p>Trotz sorgf\u00e4ltiger inhaltlicher Kontrolle \u00fcbernehmen wir keine Haftung f\u00fcr die Inhalte externer Links.<br>\nF\u00fcr den Inhalt der verlinkten Seiten sind ausschlie\u00dflich deren Betreiber verantwortlich.<\/p>\n\n\n\n<p>webdesign&nbsp;<b>frank goebel<\/b>,&nbsp;<a href=\"mailto:webmaster@die-aktive.de\">webmaster@die-aktive.de<\/a><\/p>\n","protected":false},"excerpt":{"rendered":"<p>Kontaktadressen: F\u00fcr die Fraktion: Hanns-Lothar Endell Hubertusstra\u00dfe 10a 41352 Korschenbroich-Herrenshoff Email: fraktion@die-aktive.de F\u00fcr die W\u00e4hlergemeinschaft: Gabriele Parting Friedhofsweg 10 41352 Korschenbroich-Kleinenbroich Email: info@die-aktive.de Vertretungsberechtigter Vorstand Gabriele Parting und Hanns-Lothar Endell Inhaltlich Verantwortlicher gem. \u00a7 10 Abs. MDStV Gabriele Parting Friedhofsweg 10 41352 Korschenbroich Haftungshinweis Trotz sorgf\u00e4ltiger inhaltlicher Kontrolle \u00fcbernehmen wir keine Haftung f\u00fcr die Inhalte externer Links. F\u00fcr den Inhalt der verlinkten Seiten sind ausschlie\u00dflich deren Betreiber verantwortlich. webdesign&nbsp;frank goebel,&nbsp;webmaster@die-aktive.de<\/p>\n","protected":false},"author":2,"featured_media":0,"parent":0,"menu_order":0,"comment_status":"closed","ping_status":"closed","template":"","meta":{"footnotes":""},"class_list":["post-1434","page","type-page","status-publish","hentry"],"_links":{"self":[{"href":"https:\/\/die-aktive.de\/index.php?rest_route=\/wp\/v2\/pages\/1434","targetHints":{"allow":["GET"]}}],"collection":[{"href":"https:\/\/die-aktive.de\/index.php?rest_route=\/wp\/v2\/pages"}],"about":[{"href":"https:\/\/die-aktive.de\/index.php?rest_route=\/wp\/v2\/types\/page"}],"author":[{"embeddable":true,"href":"https:\/\/die-aktive.de\/index.php?rest_route=\/wp\/v2\/users\/2"}],"replies":[{"embeddable":true,"href":"https:\/\/die-aktive.de\/index.php?rest_route=%2Fwp%2Fv2%2Fcomments&post=1434"}],"version-history":[{"count":1,"href":"https:\/\/die-aktive.de\/index.php?rest_route=\/wp\/v2\/pages\/1434\/revisions"}],"predecessor-version":[{"id":20873,"href":"https:\/\/die-aktive.de\/index.php?rest_route=\/wp\/v2\/pages\/1434\/revisions\/20873"}],"wp:attachment":[{"href":"https:\/\/die-aktive.de\/index.php?rest_route=%2Fwp%2Fv2%2Fmedia&parent=1434"}],"curies":[{"name":"wp","href":"https:\/\/api.w.org\/{rel}","templated":true}]}}